{"id":48,"date":"2020-09-24T15:45:15","date_gmt":"2020-09-24T15:45:15","guid":{"rendered":"http:\/\/localhost\/wordpress\/?page_id=48"},"modified":"2020-12-16T17:53:39","modified_gmt":"2020-12-16T16:53:39","slug":"ueber-uns-hueter-der-guten-musik","status":"publish","type":"page","link":"https:\/\/prognrock.de\/?page_id=48","title":{"rendered":"\u00dcber uns &#8211; H\u00fcter der guten Musik!"},"content":{"rendered":"\r\n<p>Es war einmal (so beginnen alle guten Geschichten) im April des Jahres 2014, da lernte ich (Matthias alias &#8222;SGT Pepper&#8220;) R\u00fcdiger (alias &#8222;Mr Music&#8220;) auf der Geburtstagsparty eines gemeinsamen Freundes kennen. Im Vorfeld hatte besagter Freund, R\u00fcdiger schon als wahren Musikkenner angek\u00fcndigt Ich hatte damals das IPad und ein paar kleine Boxen mit dabei und legte etwas Musik auf.<\/p>\r\n\r\n\r\n\r\n<p>Irgendwann kamen wir dann auch ins Gespr\u00e4ch und ich merkte schnell, dass hier jemand mit Musikverstand vor mir sa\u00df. Wir sprachen \u00fcber Songs, Bands und unsere Vorlieben (musikalischer Natur).<\/p>\r\n\r\n\r\n\r\n<p>An jenem Abend erz\u00e4hlte mir R\u00fcdiger dann auch etwas von einem MP3-Fragment, dass er schon bei Frank Laufenberg in der Sendung &#8222;Ohne Filter&#8220; eingereicht hatte, um herauszubekommen wer oder was das war.<\/p>\r\n\r\n\r\n\r\n<p>Ein paar Tage sp\u00e4ter schickte er mir die MP3-Datei mit dem Titel &#8222;Down to America&#8220; via Mail mit dem Hinweis, dass dies niemand kenne und er mich, sofern ich das Lied kannte, ab sofort &#8222;Mr Music&#8220; nennen w\u00fcrde. Der Song passte genau zu seiner musikalischen Hauptausrichtung in den Siebzigern mit Yes, ELP, King Crimson, Gentle Giant usw..<\/p>\r\n<!--[if lt IE 9]><script>document.createElement('audio');<\/script><![endif]-->\n<audio class=\"wp-audio-shortcode\" id=\"audio-48-1\" preload=\"none\" style=\"width: 100%;\" controls=\"controls\"><source type=\"audio\/mpeg\" src=\"https:\/\/prognrock.de\/wp-content\/uploads\/2020\/11\/DOWN_TO_AMERICA.mp3?_=1\" \/><a href=\"https:\/\/prognrock.de\/wp-content\/uploads\/2020\/11\/DOWN_TO_AMERICA.mp3\">https:\/\/prognrock.de\/wp-content\/uploads\/2020\/11\/DOWN_TO_AMERICA.mp3<\/a><\/audio>\r\n\r\n\r\n\r\n\r\n\r\n<p>(*Vielen Dank an Herbert und die Plattenfirma, dass wir diesen Schnipsel verwenden d\u00fcrfen \ud83d\ude42 )<\/p>\r\n<p>Ja, was soll ich sagen. Ich habe herausgefunden, von wem dieser Song stammt. Auf den Titel &#8222;Mr Music&#8220; habe ich dann aber gerne verzichtet. Wer m\u00f6chte denn schon &#8222;Mr Music&#8220; hei\u00dfen, wenn man den Namen &#8222;SGT Pepper&#8220; tr\u00e4gt?<\/p>\r\n<p>Seit dieser Zeit haben wir eine musikalische Freundschaft gepflegt. Immer auf der Suche nach dem einen guten Song \/ dem einen guten Album, das wir noch nicht kannten. \u00dcber die Jahre ist dann auch der Entschluss gereift, unser musikalisches Expertenwissen mit anderen Gleichgesinnten zu teilen. And here we are&#8230;<\/p>\r\n\r\n\r\n\r\n<p>Um welchen Song und welche Band es sich handelt, wird an dieser Stelle nicht verraten. Wenn jemand eine Idee hat oder einen Tipp ben\u00f6tigt, der kann sich ja \u00fcber unsere Kontaktseite bei uns melden. Wer es heraus findet, darf offiziellst und wenn es auch nur f\u00fcr ein paar Stunden ist, den h\u00f6chst ehrenvollen Namen &#8222;Mr Music&#8220; tragen und wird in unsere &#8222;Hall of Fame&#8220; aufgenommen. Na, wer kriegt es raus?<\/p>\r\n\r\n\r\n\r\n<p>Jeder der Spa\u00df an guter Musik hat und Lust versp\u00fcrt bei uns mitzumachen, der m\u00f6ge uns bitte eine Nachricht \u00fcber das Kontaktformular oder per E-Mail an ruediger(Klammeraffe)prognrock.de oder sgtpepper(Klammeraffe)prognrock.de schicken.<\/p>\r\n\r\n\r\n\r\n<p>Viel Spa\u00df beim St\u00f6bern auf <strong>PROGnROCK#blog<\/strong> w\u00fcnscht euch euer<\/p>\r\n\r\n\r\n\r\n<p>SGT Pepper<\/p>\r\n\r\n\r\n\r\n<p>\/<\/p>\r\n","protected":false},"excerpt":{"rendered":"<p>Es war einmal (so beginnen alle guten Geschichten) im April des Jahres 2014, da lernte ich (Matthias alias &#8222;SGT Pepper&#8220;) R\u00fcdiger (alias &#8222;Mr Music&#8220;) auf der Geburtstagsparty eines gemeinsamen Freundes kennen. Im Vorfeld hatte besagter Freund, R\u00fcdiger schon als wahren Musikkenner angek\u00fcndigt Ich hatte damals das IPad und ein paar kleine Boxen mit dabei und&hellip; <a href=\"https:\/\/prognrock.de\/?page_id=48\" class=\"read-more\">Continue reading \u00dcber uns &#8211; H\u00fcter der guten Musik!<\/a><\/p>\n","protected":false},"author":7,"featured_media":0,"parent":0,"menu_order":0,"comment_status":"closed","ping_status":"closed","template":"","meta":{"footnotes":""},"class_list":["post-48","page","type-page","status-publish","hentry"],"_links":{"self":[{"href":"https:\/\/prognrock.de\/index.php?rest_route=\/wp\/v2\/pages\/48","targetHints":{"allow":["GET"]}}],"collection":[{"href":"https:\/\/prognrock.de\/index.php?rest_route=\/wp\/v2\/pages"}],"about":[{"href":"https:\/\/prognrock.de\/index.php?rest_route=\/wp\/v2\/types\/page"}],"author":[{"embeddable":true,"href":"https:\/\/prognrock.de\/index.php?rest_route=\/wp\/v2\/users\/7"}],"replies":[{"embeddable":true,"href":"https:\/\/prognrock.de\/index.php?rest_route=%2Fwp%2Fv2%2Fcomments&post=48"}],"version-history":[{"count":10,"href":"https:\/\/prognrock.de\/index.php?rest_route=\/wp\/v2\/pages\/48\/revisions"}],"predecessor-version":[{"id":526,"href":"https:\/\/prognrock.de\/index.php?rest_route=\/wp\/v2\/pages\/48\/revisions\/526"}],"wp:attachment":[{"href":"https:\/\/prognrock.de\/index.php?rest_route=%2Fwp%2Fv2%2Fmedia&parent=48"}],"curies":[{"name":"wp","href":"https:\/\/api.w.org\/{rel}","templated":true}]}}