{"id":516,"date":"2020-12-16T15:28:12","date_gmt":"2020-12-16T14:28:12","guid":{"rendered":"https:\/\/prognrock.de\/?page_id=516"},"modified":"2023-06-01T00:37:40","modified_gmt":"2023-05-31T22:37:40","slug":"tipps","status":"publish","type":"page","link":"https:\/\/prognrock.de\/?page_id=516","title":{"rendered":"Tipps"},"content":{"rendered":"<ol>\n<li>Nutze in den Listen die <strong>kleinen Pfeile<\/strong> <img loading=\"lazy\" decoding=\"async\" class=\"wp-image-518 alignnone\" src=\"https:\/\/prognrock.de\/wp-content\/uploads\/2020\/12\/pfeile.jpg\" alt=\"\" width=\"62\" height=\"38\" \/>neben den Spaltentiteln wie beispielsweise Genre. Dann findest du flux alle Balladen (B) und kannst \u00fcber einen Streamingdienst die Balladen, die du nicht kennst, antesten. Und eins ist Fakt: Bessere Empfehlungen kriegst du nirgends!<\/li>\n<li>Dieser Blog ist so eine Art young persons guide to prog &amp; rock. Aber auch die Siebziger Kinder k\u00f6nnen hier Neues entdecken. Vorausgesetzt die In Rock von Deep Purple und die ersten 6 Sabbath-Scheiben z\u00e4hlten damals zu deinen Favoriten. Und nat\u00fcrlich die Gabriel-Genesis-Scheiben. Yes und Pink Floyd sowieso.<\/li>\n<li>Wenn du Lust hast bei uns <strong>mitzumachen<\/strong>, dann schicke uns eine Nachricht \u00fcber das Kontaktformular oder per E-Mail an ruediger(Klammeraffe)prognrock.de oder sgtpepper(Klammeraffe)prognrock.de.<\/li>\n<li>Und das sortieren mit den kleinen Pfeilen klappt auch beim Datum, damit du immer gleich erkennen kannst, was neu hinzugekommen ist.<\/li>\n<li>Als Softie und Balladenj\u00e4ger im Genre B solltest du die \u00fcbrigen Genre -besonders M, S und P meiden. Ganz gr\u00e4\u00dfliche Musik!<\/li>\n<li>Wir verwalten \u00fcber 15000 Tontr\u00e4ger. Die Topalbenliste enth\u00e4lt nur die absoluten Sahnest\u00fccke. Zur \u00dcbersichtlichkeit sind die anderen 14000 Scheiben nicht gelistet, aber getestet. Wer interessiert sich schon f\u00fcr Tests von mittelm\u00e4\u00dfigen Scheiben? Und wer will mittelm\u00e4\u00dfige Musik h\u00f6ren? Bei uns gibt es nur eine CD des Monats, wenn \u00fcberhaupt. Sollen doch die anderen die Masse an mittelm\u00e4\u00dfigen CDs testen. Wenn du aber eine Scheibe kennst, die hier unbedingt fehlt, dann schreibe uns eine Mail.<\/li>\n<li>Wenn du im rechten Bereich scrollst, entdeckst du auch solche Schaltfl\u00e4chen wie &#8222;Kategorien&#8220;, die das Suchen erleichtern.<\/li>\n<li>In der Nachlese gibt es Reviews zu Alben, die es (noch) nicht in die Topalbenliste geschafft haben, und f\u00fcr die CD des Monats zu alt sind. In der Regel sind das au\u00dfergew\u00f6hnliche Alben, die aus der Masse herausragen.<\/li>\n<li>Zum H\u00f6ren der Geburtstagsmischungen muss man nicht an diesem Tag Geburtstag haben. Einfach die Songs am Ende der Laudatio antippen und man wird direkt auf die Playlist bei Spotify weitergeleitet. Wer bei Spotify noch nicht angemeldet ist, sollte das schleunigst tun. Das kostet nichts und man muss nur ab und an etwas Werbung zwischen den Songs ertragen. Wer sich dort nicht anmeldet, kann die Songs einer Playlist nur etwa 20 Sekunden antesten.<\/li>\n<\/ol>\n<p><iframe title=\"Spotify Embed: Prognrock-Charts Forever\" style=\"border-radius: 12px\" width=\"100%\" height=\"352\" frameborder=\"0\" allowfullscreen allow=\"autoplay; clipboard-write; encrypted-media; fullscreen; picture-in-picture\" loading=\"lazy\" src=\"https:\/\/open.spotify.com\/embed\/playlist\/25BGh6mItusTVxrQR0HQfM?si=92b4a7bf62d641f6&#038;utm_source=oembed\"><\/iframe><\/p>\n","protected":false},"excerpt":{"rendered":"<p>Nutze in den Listen die kleinen Pfeile neben den Spaltentiteln wie beispielsweise Genre. Dann findest du flux alle Balladen (B) und kannst \u00fcber einen Streamingdienst die Balladen, die du nicht kennst, antesten. Und eins ist Fakt: Bessere Empfehlungen kriegst du nirgends! Dieser Blog ist so eine Art young persons guide to prog &amp; rock. Aber&hellip; <a href=\"https:\/\/prognrock.de\/?page_id=516\" class=\"read-more\">Continue reading Tipps<\/a><\/p>\n","protected":false},"author":7,"featured_media":0,"parent":0,"menu_order":0,"comment_status":"closed","ping_status":"closed","template":"","meta":{"footnotes":""},"class_list":["post-516","page","type-page","status-publish","hentry"],"_links":{"self":[{"href":"https:\/\/prognrock.de\/index.php?rest_route=\/wp\/v2\/pages\/516","targetHints":{"allow":["GET"]}}],"collection":[{"href":"https:\/\/prognrock.de\/index.php?rest_route=\/wp\/v2\/pages"}],"about":[{"href":"https:\/\/prognrock.de\/index.php?rest_route=\/wp\/v2\/types\/page"}],"author":[{"embeddable":true,"href":"https:\/\/prognrock.de\/index.php?rest_route=\/wp\/v2\/users\/7"}],"replies":[{"embeddable":true,"href":"https:\/\/prognrock.de\/index.php?rest_route=%2Fwp%2Fv2%2Fcomments&post=516"}],"version-history":[{"count":12,"href":"https:\/\/prognrock.de\/index.php?rest_route=\/wp\/v2\/pages\/516\/revisions"}],"predecessor-version":[{"id":1518,"href":"https:\/\/prognrock.de\/index.php?rest_route=\/wp\/v2\/pages\/516\/revisions\/1518"}],"wp:attachment":[{"href":"https:\/\/prognrock.de\/index.php?rest_route=%2Fwp%2Fv2%2Fmedia&parent=516"}],"curies":[{"name":"wp","href":"https:\/\/api.w.org\/{rel}","templated":true}]}}